{"id":1467,"date":"2025-05-19T16:05:21","date_gmt":"2025-05-19T14:05:21","guid":{"rendered":"https:\/\/arenapenthouse.com\/?page_id=1467"},"modified":"2026-02-22T16:07:11","modified_gmt":"2026-02-22T15:07:11","slug":"apartments","status":"publish","type":"page","link":"https:\/\/arenapenthouse.com\/sr\/apartments\/","title":{"rendered":"Apartmani"},"content":{"rendered":"<div data-elementor-type=\"wp-page\" data-elementor-id=\"1467\" class=\"elementor elementor-1467\">\n\t\t\t\t<div class=\"elementor-element elementor-element-fb311a7 e-flex e-con-boxed e-con e-parent\" data-id=\"fb311a7\" data-element_type=\"container\" data-e-type=\"container\" data-settings=\"{&quot;background_background&quot;:&quot;classic&quot;}\">\n\t\t\t\t\t<div class=\"e-con-inner\">\n\t\t\t\t<div class=\"elementor-element elementor-element-259d6ce elementor-widget elementor-widget-heading\" data-id=\"259d6ce\" data-element_type=\"widget\" data-e-type=\"widget\" data-widget_type=\"heading.default\">\n\t\t\t\t\t<h1 class=\"elementor-heading-title elementor-size-default\">Arena Penthouse apartmani u Beogradu\n<\/h1>\t\t\t\t<\/div>\n\t\t\t\t<div class=\"elementor-element elementor-element-d121996 elementor-widget__width-auto elementor-widget elementor-widget-text-editor\" data-id=\"d121996\" data-element_type=\"widget\" data-e-type=\"widget\" data-widget_type=\"text-editor.default\">\n\t\t\t\t\t\t\t\t\t<p class=\"fusion-responsive-typography-calculated\" data-fontsize=\"16\" data-lineheight=\"28px\">Do\u017eivite vrhunski boravak u Arena Penthouse apartmanima, gde vas o\u010dekuju elegantni apartmani u neposrednoj blizini legendarne Beogradske Arene. Na\u0161i apartmani savr\u0161eno spajaju udobnost, stil i funkcionalnost, pru\u017eaju\u0107i idealno re\u0161enje za putnike u potrazi za kratkoro\u010dnim sme\u0161tajem \u2013 bilo da je u pitanju posao, odmor ili neki poseban doga\u0111aj.<\/p>\t\t\t\t\t\t\t\t<\/div>\n\t\t\t\t<div class=\"elementor-element elementor-element-42b2e4c elementor-widget elementor-widget-n-accordion\" data-id=\"42b2e4c\" data-element_type=\"widget\" data-e-type=\"widget\" data-settings=\"{&quot;max_items_expended&quot;:&quot;multiple&quot;,&quot;n_accordion_animation_duration&quot;:{&quot;unit&quot;:&quot;ms&quot;,&quot;size&quot;:1000,&quot;sizes&quot;:[]},&quot;default_state&quot;:&quot;all_collapsed&quot;}\" data-widget_type=\"nested-accordion.default\">\n\t\t\t\t\t\t\t<div class=\"e-n-accordion\" aria-label=\"Accordion. Open links with Enter or Space, close with Escape, and navigate with Arrow Keys\">\n\t\t\t\t\t\t<details id=\"e-n-accordion-item-6990\" class=\"e-n-accordion-item\" >\n\t\t\t\t<summary class=\"e-n-accordion-item-title\" data-accordion-index=\"1\" tabindex=\"0\" aria-expanded=\"false\" aria-controls=\"e-n-accordion-item-6990\" >\n\t\t\t\t\t<span class='e-n-accordion-item-title-header'><h6 class=\"e-n-accordion-item-title-text\"> Otkrijte sve pogodnosti na\u0161ih Arena Penthouse apartmana u Beogradu <\/h6><\/span>\n\t\t\t\t\t\t\t<span class='e-n-accordion-item-title-icon'>\n\t\t\t<span class='e-opened' ><svg aria-hidden=\"true\" class=\"e-font-icon-svg e-far-arrow-alt-circle-left\" viewbox=\"0 0 512 512\" xmlns=\"http:\/\/www.w3.org\/2000\/svg\"><path d=\"M8 256c0 137 111 248 248 248s248-111 248-248S393 8 256 8 8 119 8 256zm448 0c0 110.5-89.5 200-200 200S56 366.5 56 256 145.5 56 256 56s200 89.5 200 200zm-72-20v40c0 6.6-5.4 12-12 12H256v67c0 10.7-12.9 16-20.5 8.5l-99-99c-4.7-4.7-4.7-12.3 0-17l99-99c7.6-7.6 20.5-2.2 20.5 8.5v67h116c6.6 0 12 5.4 12 12z\"><\/path><\/svg><\/span>\n\t\t\t<span class='e-closed'><svg aria-hidden=\"true\" class=\"e-font-icon-svg e-far-arrow-alt-circle-right\" viewbox=\"0 0 512 512\" xmlns=\"http:\/\/www.w3.org\/2000\/svg\"><path d=\"M504 256C504 119 393 8 256 8S8 119 8 256s111 248 248 248 248-111 248-248zm-448 0c0-110.5 89.5-200 200-200s200 89.5 200 200-89.5 200-200 200S56 366.5 56 256zm72 20v-40c0-6.6 5.4-12 12-12h116v-67c0-10.7 12.9-16 20.5-8.5l99 99c4.7 4.7 4.7 12.3 0 17l-99 99c-7.6 7.6-20.5 2.2-20.5-8.5v-67H140c-6.6 0-12-5.4-12-12z\"><\/path><\/svg><\/span>\n\t\t<\/span>\n\n\t\t\t\t\t\t<\/summary>\n\t\t\t\t<div role=\"region\" aria-labelledby=\"e-n-accordion-item-6990\" class=\"elementor-element elementor-element-586db70 e-con-full e-flex e-con e-child\" data-id=\"586db70\" data-element_type=\"container\" data-e-type=\"container\">\n\t\t<div role=\"region\" aria-labelledby=\"e-n-accordion-item-6990\" class=\"elementor-element elementor-element-292250f e-flex e-con-boxed e-con e-child\" data-id=\"292250f\" data-element_type=\"container\" data-e-type=\"container\">\n\t\t\t\t\t<div class=\"e-con-inner\">\n\t\t\t\t<div class=\"elementor-element elementor-element-b33da27 elementor-widget elementor-widget-text-editor\" data-id=\"b33da27\" data-element_type=\"widget\" data-e-type=\"widget\" data-widget_type=\"text-editor.default\">\n\t\t\t\t\t\t\t\t\t<p data-start=\"318\" data-end=\"800\">The Arena Penthouse Apartments in Belgrade offer modern comfort, premium amenities, and one of the most sought-after locations in the Serbian capital. Positioned close to the iconic Belgrade Arena, these apartments are ideal for guests who value a combination of urban lifestyle, convenience, and stylish accommodation. The Arena Penthouse Apartments are designed to meet the highest expectations of both business and leisure travelers, providing a luxurious yet practical stay.<\/p>\n<p data-start=\"802\" data-end=\"1260\">Each apartment is bright, spacious, and elegantly furnished. Large windows ensure plenty of natural light, while high-quality materials and modern design elements create a comfortable, upscale atmosphere. The Arena Penthouse Apartments feature fully equipped kitchens, cozy bedrooms, premium mattresses, modern bathrooms, fast Wi-Fi, Smart TVs, and air-conditioning throughout. Every detail has been carefully selected to offer a 4-star experience.<\/p>\n<p data-start=\"1262\" data-end=\"1798\">The location is one of the main highlights of the Arena Penthouse Apartments. Situated in New Belgrade, the area around the Belgrade Arena is known for its excellent infrastructure, vibrant atmosphere, and convenient access to the rest of the city. Guests will find restaurants, caf\u00e9s, shopping centers, sports and entertainment venues, and public transportation just a few minutes away. Popular areas such as the city center, the Danube promenade, business districts, and cultural attractions can all be reached quickly and easily.<\/p>\n<p data-start=\"1800\" data-end=\"2285\">Whether you are staying for a weekend, a business trip, or a longer visit, the Arena Penthouse Apartments provide the comfort and flexibility you need. The modern architecture, spacious layouts, and stylish interiors make these apartments one of the top accommodation choices in Belgrade. Families, couples, remote workers, and international travelers appreciate the quiet yet central location, as well as the high-quality facilities that make every stay enjoyable and stress-free.<\/p>\n<p data-start=\"2287\" data-end=\"2731\">Guests benefit from private parking, easy-entry \u00ae check-in and check-out, professional cleaning, and responsive host support. Many visitors highlight the convenience of staying near the Belgrade Arena for concerts, sports events, and conferences. The combination of premium design, excellent location, and comfortable amenities makes the Arena Penthouse Apartments an outstanding choice for anyone looking for superior accommodation in Belgrade.<\/p>\t\t\t\t\t\t\t\t<\/div>\n\t\t\t\t\t<\/div>\n\t\t\t\t<\/div>\n\t\t\t\t<\/div>\n\t\t\t\t\t<\/details>\n\t\t\t\t\t<\/div>\n\t\t\t\t\t\t<\/div>\n\t\t\t\t\t<\/div>\n\t\t\t\t<\/div>\n\t\t<div class=\"elementor-element elementor-element-b0b6c37 e-flex e-con-boxed e-con e-parent\" data-id=\"b0b6c37\" data-element_type=\"container\" data-e-type=\"container\">\n\t\t\t\t\t<div class=\"e-con-inner\">\n\t\t\t\t<div class=\"elementor-element elementor-element-a48f166 elementor-widget elementor-widget-text-editor\" data-id=\"a48f166\" data-element_type=\"widget\" data-e-type=\"widget\" data-widget_type=\"text-editor.default\">\n\t\t\t\t\t\t\t\t\t<h2><span class=\"fusion-dropcap dropcap\">Otkrijte na\u0161e stanove na dan u Beogradu<\/span><\/h2><p class=\"translation-block\">Dobrodo\u0161li u Arena Penthouse \u2013 va\u0161 dom daleko od ku\u0107e u Beogradu, Srbija. Arena Pethouse apartmani spajaju moderne sadr\u017eaje sa odli\u010dnom lokacijom, u blizini centra grada i Beogradske Arene. Izaberite jedan od na\u0161ih dva ekskluzivna apartmana: Comfort Green ili Superior Blue, svaki pa\u017eljivo dizajniran da ispuni sve va\u0161e potrebe i u\u010dini boravak potpunim.<\/p><h2>Comfort Green<\/h2><p>Do\u017eivite udoban boravak u apartmanu Comfort Green u Beogradu. Ovaj stan na dan nudi veliku terasu, moderno opremljenu kuhinju i Wi-Fi. Idealan je za poslovne putnike ili parove koji tra\u017ee prakti\u010dan i udoban sme\u0161taj, a nalazi se samo nekoliko minuta od Beogradske Arene.<\/p><h2>Superior Blue<\/h2><p>U\u017eivajte u luksuzu apartmana Superior Blue u Beogradu, prostranog i stilski ure\u0111enog, gde se moderni dizajn savr\u0161eno spaja sa udobno\u0161\u0107u. Svetao dnevni boravak, elegantan name\u0161taj, privatna terasa i udoban krevet \u010dine ovaj stan idealnim za parove ili samostalne putnike koji \u017eele koji \u017eele prijatan i udoban boravak.<\/p><p data-start=\"469\" data-end=\"671\" class=\"translation-block\">Zahvaljuju\u0107i centralnoj lokaciji u blizini Beogradske arene, na samo nekoliko minuta ste od \u017eivotnog ritma grada \u2013 modernih barova, poznatih klubova i splavova uz reku koji dr\u017ee Beograd budnim do zore. Bilo da ste ovde zbog koncerta, vikend-izleta ili jednostavno \u017eelite da osetite puls grada, Arena Penthouse je va\u0161a savr\u0161ena baza.<\/p>\t\t\t\t\t\t\t\t<\/div>\n\t\t\t\t\t<\/div>\n\t\t\t\t<\/div>\n\t\t<div class=\"elementor-element elementor-element-c93cfc9 e-flex e-con-boxed e-con e-parent\" data-id=\"c93cfc9\" data-element_type=\"container\" data-e-type=\"container\">\n\t\t\t\t\t<div class=\"e-con-inner\">\n\t\t<div class=\"elementor-element elementor-element-526cf07 e-con-full e-flex e-con e-child\" data-id=\"526cf07\" data-element_type=\"container\" data-e-type=\"container\" data-settings=\"{&quot;background_background&quot;:&quot;classic&quot;}\">\n\t\t\t\t<div class=\"elementor-element elementor-element-ae42c27 elementor-widget elementor-widget-heading\" data-id=\"ae42c27\" data-element_type=\"widget\" data-e-type=\"widget\" data-widget_type=\"heading.default\">\n\t\t\t\t\t<h3 class=\"elementor-heading-title elementor-size-default\">Comfort Green<\/h3>\t\t\t\t<\/div>\n\t\t\t\t<div class=\"elementor-element elementor-element-b943c40 elementor-widget elementor-widget-text-editor\" data-id=\"b943c40\" data-element_type=\"widget\" data-e-type=\"widget\" data-widget_type=\"text-editor.default\">\n\t\t\t\t\t\t\t\t\t<div class=\"fusion-text fusion-text-2 paragraph-colored\"><p>panoramski pogled i balkon<\/p><\/div>\t\t\t\t\t\t\t\t<\/div>\n\t\t\t\t<div class=\"elementor-element elementor-element-c7e48a5 elementor-widget elementor-widget-text-editor\" data-id=\"c7e48a5\" data-element_type=\"widget\" data-e-type=\"widget\" data-widget_type=\"text-editor.default\">\n\t\t\t\t\t\t\t\t\t<p>Apartman Comfort Green u Beogradu \u2013 prijatan i klimatizovan, sa kuhinjicom, udobnom spava\u0107om sobom, modernim kupatilom i Wi-Fi internetom.<\/p>\t\t\t\t\t\t\t\t<\/div>\n\t\t\t\t<div class=\"elementor-element elementor-element-80432ea elementor-widget elementor-widget-button\" data-id=\"80432ea\" data-element_type=\"widget\" data-e-type=\"widget\" data-settings=\"{&quot;_animation&quot;:&quot;none&quot;}\" data-widget_type=\"button.default\">\n\t\t\t\t\t\t\t\t\t\t<a class=\"elementor-button elementor-button-link elementor-size-sm\" href=\"https:\/\/arenapenthouse.com\/sr\/comfort-green\/\">\n\t\t\t\t\t\t<span class=\"elementor-button-content-wrapper\">\n\t\t\t\t\t\t\t\t\t<span class=\"elementor-button-text\">Room Details<\/span>\n\t\t\t\t\t<\/span>\n\t\t\t\t\t<\/a>\n\t\t\t\t\t\t\t\t<\/div>\n\t\t\t\t<\/div>\n\t\t<div class=\"elementor-element elementor-element-00158d3 e-con-full e-flex e-con e-child\" data-id=\"00158d3\" data-element_type=\"container\" data-e-type=\"container\" data-settings=\"{&quot;background_background&quot;:&quot;classic&quot;}\">\n\t\t\t\t<\/div>\n\t\t\t\t\t<\/div>\n\t\t\t\t<\/div>\n\t\t<div class=\"elementor-element elementor-element-baa7287 e-flex e-con-boxed e-con e-parent\" data-id=\"baa7287\" data-element_type=\"container\" data-e-type=\"container\" data-settings=\"{&quot;background_background&quot;:&quot;classic&quot;,&quot;animation_mobile&quot;:&quot;fadeIn&quot;}\">\n\t\t\t\t\t<div class=\"e-con-inner\">\n\t\t<div class=\"elementor-element elementor-element-f9e76c8 e-con-full e-flex e-con e-child\" data-id=\"f9e76c8\" data-element_type=\"container\" data-e-type=\"container\" data-settings=\"{&quot;background_background&quot;:&quot;classic&quot;}\">\n\t\t\t\t<div class=\"elementor-element elementor-element-20c6ccc elementor-widget elementor-widget-heading\" data-id=\"20c6ccc\" data-element_type=\"widget\" data-e-type=\"widget\" data-widget_type=\"heading.default\">\n\t\t\t\t\t<h3 class=\"elementor-heading-title elementor-size-default\">Superior Blue<\/h3>\t\t\t\t<\/div>\n\t\t\t\t<div class=\"elementor-element elementor-element-5bede10 elementor-widget elementor-widget-text-editor\" data-id=\"5bede10\" data-element_type=\"widget\" data-e-type=\"widget\" data-widget_type=\"text-editor.default\">\n\t\t\t\t\t\t\t\t\t<div class=\"fusion-text fusion-text-2 paragraph-colored\"><div class=\"fusion-text fusion-text-4 paragraph-colored\"><p>panoramski pogled i balkon<\/p><\/div><\/div>\t\t\t\t\t\t\t\t<\/div>\n\t\t\t\t<div class=\"elementor-element elementor-element-4acb386 elementor-widget elementor-widget-text-editor\" data-id=\"4acb386\" data-element_type=\"widget\" data-e-type=\"widget\" data-widget_type=\"text-editor.default\">\n\t\t\t\t\t\t\t\t\t<p>Apartman Superior Blue u Beogradu \u2013 prostran i stilski ure\u0111en, sa potpuno opremljenom kuhinjom, trpezarijskim\/konferencijskim stolom, modernom spava\u0107om sobom, kupatilom, Wi-Fi internetom i klimatizacijom.<\/p>\t\t\t\t\t\t\t\t<\/div>\n\t\t\t\t<div class=\"elementor-element elementor-element-6d09caf elementor-widget elementor-widget-button\" data-id=\"6d09caf\" data-element_type=\"widget\" data-e-type=\"widget\" data-settings=\"{&quot;_animation&quot;:&quot;none&quot;}\" data-widget_type=\"button.default\">\n\t\t\t\t\t\t\t\t\t\t<a class=\"elementor-button elementor-button-link elementor-size-sm\" href=\"https:\/\/arenapenthouse.com\/sr\/superior-blue\/\">\n\t\t\t\t\t\t<span class=\"elementor-button-content-wrapper\">\n\t\t\t\t\t\t\t\t\t<span class=\"elementor-button-text\">Room Details<\/span>\n\t\t\t\t\t<\/span>\n\t\t\t\t\t<\/a>\n\t\t\t\t\t\t\t\t<\/div>\n\t\t\t\t<\/div>\n\t\t<div class=\"elementor-element elementor-element-93f8f36 e-con-full e-flex e-con e-child\" data-id=\"93f8f36\" data-element_type=\"container\" data-e-type=\"container\" data-settings=\"{&quot;background_background&quot;:&quot;classic&quot;}\">\n\t\t\t\t<\/div>\n\t\t\t\t\t<\/div>\n\t\t\t\t<\/div>\n\t\t\t\t<\/div>","protected":false},"excerpt":{"rendered":"<p>Arena Penthouse Apartments in Belgrade Discover the perfect stay with Arena Penthouse, offering luxury\u00a0apartments in Belgrade near the iconic Belgrade [&hellip;]<\/p>\n","protected":false},"author":2,"featured_media":0,"parent":0,"menu_order":0,"comment_status":"closed","ping_status":"closed","template":"","meta":{"site-sidebar-layout":"no-sidebar","site-content-layout":"","ast-site-content-layout":"full-width-container","site-content-style":"default","site-sidebar-style":"default","ast-global-header-display":"","ast-banner-title-visibility":"","ast-main-header-display":"","ast-hfb-above-header-display":"","ast-hfb-below-header-display":"","ast-hfb-mobile-header-display":"","site-post-title":"disabled","ast-breadcrumbs-content":"","ast-featured-img":"disabled","footer-sml-layout":"","ast-disable-related-posts":"","theme-transparent-header-meta":"enabled","adv-header-id-meta":"","stick-header-meta":"enabled","header-above-stick-meta":"","header-main-stick-meta":"disabled","header-below-stick-meta":"","astra-migrate-meta-layouts":"default","ast-page-background-enabled":"default","ast-page-background-meta":{"desktop":{"background-color":"var(--ast-global-color-5)","background-image":"","background-repeat":"repeat","background-position":"center center","background-size":"auto","background-attachment":"scroll","background-type":"","background-media":"","overlay-type":"","overlay-color":"","overlay-opacity":"","overlay-gradient":""},"tablet":{"background-color":"","background-image":"","background-repeat":"repeat","background-position":"center center","background-size":"auto","background-attachment":"scroll","background-type":"","background-media":"","overlay-type":"","overlay-color":"","overlay-opacity":"","overlay-gradient":""},"mobile":{"background-color":"","background-image":"","background-repeat":"repeat","background-position":"center center","background-size":"auto","background-attachment":"scroll","background-type":"","background-media":"","overlay-type":"","overlay-color":"","overlay-opacity":"","overlay-gradient":""}},"ast-content-background-meta":{"desktop":{"background-color":"var(--ast-global-color-4)","background-image":"","background-repeat":"repeat","background-position":"center center","background-size":"auto","background-attachment":"scroll","background-type":"","background-media":"","overlay-type":"","overlay-color":"","overlay-opacity":"","overlay-gradient":""},"tablet":{"background-color":"var(--ast-global-color-4)","background-image":"","background-repeat":"repeat","background-position":"center center","background-size":"auto","background-attachment":"scroll","background-type":"","background-media":"","overlay-type":"","overlay-color":"","overlay-opacity":"","overlay-gradient":""},"mobile":{"background-color":"var(--ast-global-color-4)","background-image":"","background-repeat":"repeat","background-position":"center center","background-size":"auto","background-attachment":"scroll","background-type":"","background-media":"","overlay-type":"","overlay-color":"","overlay-opacity":"","overlay-gradient":""}},"footnotes":""},"class_list":["post-1467","page","type-page","status-publish","hentry"],"yoast_head":"<!-- This site is optimized with the Yoast SEO plugin v27.0 - https:\/\/yoast.com\/product\/yoast-seo-wordpress\/ -->\n<title>Luxury Apartments in Belgrade | Arena Penthouse Near Arena<\/title>\n<meta name=\"description\" content=\"Arena Penthouse Apartments in Belgrade \u2013 luxury apartments near Belgrade Arena with top amenities, modern design, and prime location.\" \/>\n<meta name=\"robots\" content=\"index, follow, max-snippet:-1, max-image-preview:large, max-video-preview:-1\" \/>\n<link rel=\"canonical\" href=\"https:\/\/arenapenthouse.com\/sr\/apartments\/\" \/>\n<meta property=\"og:locale\" content=\"sr_RS\" \/>\n<meta property=\"og:type\" content=\"article\" \/>\n<meta property=\"og:title\" content=\"Luxury Apartments in Belgrade | Arena Penthouse Near Arena\" \/>\n<meta property=\"og:description\" content=\"Arena Penthouse Apartments in Belgrade \u2013 luxury apartments near Belgrade Arena with top amenities, modern design, and prime location.\" \/>\n<meta property=\"og:url\" content=\"https:\/\/arenapenthouse.com\/sr\/apartments\/\" \/>\n<meta property=\"og:site_name\" content=\"Arena Penthouse\" \/>\n<meta property=\"article:publisher\" content=\"https:\/\/www.facebook.com\/arenapenthouse\" \/>\n<meta property=\"article:modified_time\" content=\"2026-02-22T15:07:11+00:00\" \/>\n<meta name=\"twitter:card\" content=\"summary_large_image\" \/>\n<meta name=\"twitter:label1\" content=\"\u041f\u0440\u043e\u0446\u0435\u045a\u0435\u043d\u043e \u0432\u0440\u0435\u043c\u0435 \u0447\u0438\u0442\u0430\u045a\u0430\" \/>\n\t<meta name=\"twitter:data1\" content=\"5 \u043c\u0438\u043d\u0443\u0442\u0430\" \/>\n<script type=\"application\/ld+json\" class=\"yoast-schema-graph\">{\"@context\":\"https:\/\/schema.org\",\"@graph\":[{\"@type\":\"WebPage\",\"@id\":\"https:\/\/arenapenthouse.com\/apartments\/\",\"url\":\"https:\/\/arenapenthouse.com\/apartments\/\",\"name\":\"Luxury Apartments in Belgrade | Arena Penthouse Near Arena\",\"isPartOf\":{\"@id\":\"https:\/\/arenapenthouse.com\/#website\"},\"datePublished\":\"2025-05-19T14:05:21+00:00\",\"dateModified\":\"2026-02-22T15:07:11+00:00\",\"description\":\"Arena Penthouse Apartments in Belgrade \u2013 luxury apartments near Belgrade Arena with top amenities, modern design, and prime location.\",\"breadcrumb\":{\"@id\":\"https:\/\/arenapenthouse.com\/apartments\/#breadcrumb\"},\"inLanguage\":\"sr-RS\",\"potentialAction\":[{\"@type\":\"ReadAction\",\"target\":[\"https:\/\/arenapenthouse.com\/apartments\/\"]}]},{\"@type\":\"BreadcrumbList\",\"@id\":\"https:\/\/arenapenthouse.com\/apartments\/#breadcrumb\",\"itemListElement\":[{\"@type\":\"ListItem\",\"position\":1,\"name\":\"Home\",\"item\":\"https:\/\/arenapenthouse.com\/\"},{\"@type\":\"ListItem\",\"position\":2,\"name\":\"Apartments\"}]},{\"@type\":\"WebSite\",\"@id\":\"https:\/\/arenapenthouse.com\/#website\",\"url\":\"https:\/\/arenapenthouse.com\/\",\"name\":\"Arena Penthouse\",\"description\":\"Modern penthouse apartments in New Belgrade\",\"publisher\":{\"@id\":\"https:\/\/arenapenthouse.com\/#organization\"},\"potentialAction\":[{\"@type\":\"SearchAction\",\"target\":{\"@type\":\"EntryPoint\",\"urlTemplate\":\"https:\/\/arenapenthouse.com\/?s={search_term_string}\"},\"query-input\":{\"@type\":\"PropertyValueSpecification\",\"valueRequired\":true,\"valueName\":\"search_term_string\"}}],\"inLanguage\":\"sr-RS\"},{\"@type\":\"Organization\",\"@id\":\"https:\/\/arenapenthouse.com\/#organization\",\"name\":\"Arena Penthouse\",\"url\":\"https:\/\/arenapenthouse.com\/\",\"logo\":{\"@type\":\"ImageObject\",\"inLanguage\":\"sr-RS\",\"@id\":\"https:\/\/arenapenthouse.com\/#\/schema\/logo\/image\/\",\"url\":\"https:\/\/arenapenthouse.com\/wp-content\/uploads\/2026\/01\/AP-White-1.avif\",\"contentUrl\":\"https:\/\/arenapenthouse.com\/wp-content\/uploads\/2026\/01\/AP-White-1.avif\",\"width\":1935,\"height\":623,\"caption\":\"Arena Penthouse\"},\"image\":{\"@id\":\"https:\/\/arenapenthouse.com\/#\/schema\/logo\/image\/\"},\"sameAs\":[\"https:\/\/www.facebook.com\/arenapenthouse\",\"https:\/\/www.instagram.com\/arenapenthouse\/\"]}]}<\/script>\n<!-- \/ Yoast SEO plugin. -->","yoast_head_json":{"title":"Luxury Apartments in Belgrade | Arena Penthouse Near Arena","description":"Arena Penthouse Apartments in Belgrade \u2013 luxury apartments near Belgrade Arena with top amenities, modern design, and prime location.","robots":{"index":"index","follow":"follow","max-snippet":"max-snippet:-1","max-image-preview":"max-image-preview:large","max-video-preview":"max-video-preview:-1"},"canonical":"https:\/\/arenapenthouse.com\/sr\/apartments\/","og_locale":"sr_RS","og_type":"article","og_title":"Luxury Apartments in Belgrade | Arena Penthouse Near Arena","og_description":"Arena Penthouse Apartments in Belgrade \u2013 luxury apartments near Belgrade Arena with top amenities, modern design, and prime location.","og_url":"https:\/\/arenapenthouse.com\/sr\/apartments\/","og_site_name":"Arena Penthouse","article_publisher":"https:\/\/www.facebook.com\/arenapenthouse","article_modified_time":"2026-02-22T15:07:11+00:00","twitter_card":"summary_large_image","twitter_misc":{"\u041f\u0440\u043e\u0446\u0435\u045a\u0435\u043d\u043e \u0432\u0440\u0435\u043c\u0435 \u0447\u0438\u0442\u0430\u045a\u0430":"5 \u043c\u0438\u043d\u0443\u0442\u0430"},"schema":{"@context":"https:\/\/schema.org","@graph":[{"@type":"WebPage","@id":"https:\/\/arenapenthouse.com\/apartments\/","url":"https:\/\/arenapenthouse.com\/apartments\/","name":"Luxury Apartments in Belgrade | Arena Penthouse Near Arena","isPartOf":{"@id":"https:\/\/arenapenthouse.com\/#website"},"datePublished":"2025-05-19T14:05:21+00:00","dateModified":"2026-02-22T15:07:11+00:00","description":"Arena Penthouse Apartments in Belgrade \u2013 luxury apartments near Belgrade Arena with top amenities, modern design, and prime location.","breadcrumb":{"@id":"https:\/\/arenapenthouse.com\/apartments\/#breadcrumb"},"inLanguage":"sr-RS","potentialAction":[{"@type":"ReadAction","target":["https:\/\/arenapenthouse.com\/apartments\/"]}]},{"@type":"BreadcrumbList","@id":"https:\/\/arenapenthouse.com\/apartments\/#breadcrumb","itemListElement":[{"@type":"ListItem","position":1,"name":"Home","item":"https:\/\/arenapenthouse.com\/"},{"@type":"ListItem","position":2,"name":"Apartments"}]},{"@type":"WebSite","@id":"https:\/\/arenapenthouse.com\/#website","url":"https:\/\/arenapenthouse.com\/","name":"Arena Penthouse","description":"Modern penthouse apartments in New Belgrade","publisher":{"@id":"https:\/\/arenapenthouse.com\/#organization"},"potentialAction":[{"@type":"SearchAction","target":{"@type":"EntryPoint","urlTemplate":"https:\/\/arenapenthouse.com\/?s={search_term_string}"},"query-input":{"@type":"PropertyValueSpecification","valueRequired":true,"valueName":"search_term_string"}}],"inLanguage":"sr-RS"},{"@type":"Organization","@id":"https:\/\/arenapenthouse.com\/#organization","name":"Arena Penthouse","url":"https:\/\/arenapenthouse.com\/","logo":{"@type":"ImageObject","inLanguage":"sr-RS","@id":"https:\/\/arenapenthouse.com\/#\/schema\/logo\/image\/","url":"https:\/\/arenapenthouse.com\/wp-content\/uploads\/2026\/01\/AP-White-1.avif","contentUrl":"https:\/\/arenapenthouse.com\/wp-content\/uploads\/2026\/01\/AP-White-1.avif","width":1935,"height":623,"caption":"Arena Penthouse"},"image":{"@id":"https:\/\/arenapenthouse.com\/#\/schema\/logo\/image\/"},"sameAs":["https:\/\/www.facebook.com\/arenapenthouse","https:\/\/www.instagram.com\/arenapenthouse\/"]}]}},"_links":{"self":[{"href":"https:\/\/arenapenthouse.com\/sr\/wp-json\/wp\/v2\/pages\/1467","targetHints":{"allow":["GET"]}}],"collection":[{"href":"https:\/\/arenapenthouse.com\/sr\/wp-json\/wp\/v2\/pages"}],"about":[{"href":"https:\/\/arenapenthouse.com\/sr\/wp-json\/wp\/v2\/types\/page"}],"author":[{"embeddable":true,"href":"https:\/\/arenapenthouse.com\/sr\/wp-json\/wp\/v2\/users\/2"}],"replies":[{"embeddable":true,"href":"https:\/\/arenapenthouse.com\/sr\/wp-json\/wp\/v2\/comments?post=1467"}],"version-history":[{"count":222,"href":"https:\/\/arenapenthouse.com\/sr\/wp-json\/wp\/v2\/pages\/1467\/revisions"}],"predecessor-version":[{"id":3057,"href":"https:\/\/arenapenthouse.com\/sr\/wp-json\/wp\/v2\/pages\/1467\/revisions\/3057"}],"wp:attachment":[{"href":"https:\/\/arenapenthouse.com\/sr\/wp-json\/wp\/v2\/media?parent=1467"}],"curies":[{"name":"wp","href":"https:\/\/api.w.org\/{rel}","templated":true}]}}