{"id":2931,"date":"2026-02-18T00:43:15","date_gmt":"2026-02-17T23:43:15","guid":{"rendered":"https:\/\/arenapenthouse.com\/?page_id=2931"},"modified":"2026-02-21T13:08:43","modified_gmt":"2026-02-21T12:08:43","slug":"pocetna","status":"publish","type":"page","link":"https:\/\/arenapenthouse.com\/sr\/pocetna\/","title":{"rendered":"Arena Penthaus Novi Beograd"},"content":{"rendered":"<div data-elementor-type=\"wp-page\" data-elementor-id=\"2931\" class=\"elementor elementor-2931\">\n\t\t\t\t<div class=\"elementor-element elementor-element-b6c2c85 e-flex e-con-boxed e-con e-parent\" data-id=\"b6c2c85\" data-element_type=\"container\" data-e-type=\"container\" data-settings=\"{&quot;background_background&quot;:&quot;classic&quot;}\">\n\t\t\t\t\t<div class=\"e-con-inner\">\n\t\t\t\t<div class=\"elementor-element elementor-element-1f99fa7 elementor-widget elementor-widget-heading\" data-id=\"1f99fa7\" data-element_type=\"widget\" data-e-type=\"widget\" data-widget_type=\"heading.default\">\n\t\t\t\t\t<h1 class=\"elementor-heading-title elementor-size-default\">Penthaus apartmani na dan u Beogradu \u2013 Arena Penthouse<\/h1>\t\t\t\t<\/div>\n\t\t\t\t<div class=\"elementor-element elementor-element-a99f922 elementor-widget elementor-widget-text-editor\" data-id=\"a99f922\" data-element_type=\"widget\" data-e-type=\"widget\" data-widget_type=\"text-editor.default\">\n\t\t\t\t\t\t\t\t\t<p dir=\"auto\">Otkrijte moderne penthaus apartmane, idealne za poslovna ili privatna putovanja, u samom srcu Novog Beograda. Na\u0161i apartmani nude pored savremenog dizajna, pogled na grad i sve pogodnosti za Va\u0161 udoban boravak. Idealni stan na dan na izuzetnoj lokaciji, na samo nekoliko minuta od Arene i centra Beograda. Rezervi\u0161ite bez posrednika, direktno kod nas i dobi\u0107ete najbolju cenu i uslugu.<\/p>\t\t\t\t\t\t\t\t<\/div>\n\t\t\t\t<div class=\"elementor-element elementor-element-fa7701b elementor-widget__width-initial elementor-widget-mobile__width-initial elementor-widget elementor-widget-button\" data-id=\"fa7701b\" data-element_type=\"widget\" data-e-type=\"widget\" data-widget_type=\"button.default\">\n\t\t\t\t\t\t\t\t\t\t<a class=\"elementor-button elementor-button-link elementor-size-sm\" href=\"https:\/\/arenapenthouse.com\/sr\/apartments\/\">\n\t\t\t\t\t\t<span class=\"elementor-button-content-wrapper\">\n\t\t\t\t\t\t\t\t\t<span class=\"elementor-button-text\">Pogledajte apartmane<\/span>\n\t\t\t\t\t<\/span>\n\t\t\t\t\t<\/a>\n\t\t\t\t\t\t\t\t<\/div>\n\t\t\t\t\t<\/div>\n\t\t\t\t<\/div>\n\t\t<div class=\"elementor-element elementor-element-fc3fe0a e-flex e-con-boxed e-con e-parent\" data-id=\"fc3fe0a\" data-element_type=\"container\" data-e-type=\"container\">\n\t\t\t\t\t<div class=\"e-con-inner\">\n\t\t\t\t<div class=\"elementor-element elementor-element-41025f2 elementor-widget elementor-widget-heading\" data-id=\"41025f2\" data-element_type=\"widget\" data-e-type=\"widget\" data-widget_type=\"heading.default\">\n\t\t\t\t\t<h2 class=\"elementor-heading-title elementor-size-default\"><br>Za\u0161to izabrati ba\u0161 Arena Penthouse ??<\/h2>\t\t\t\t<\/div>\n\t\t\t\t<div class=\"elementor-element elementor-element-4700c0b elementor-widget__width-initial elementor-widget elementor-widget-text-editor\" data-id=\"4700c0b\" data-element_type=\"widget\" data-e-type=\"widget\" data-widget_type=\"text-editor.default\">\n\t\t\t\t\t\t\t\t\t<ul><li data-start=\"1098\" data-end=\"1120\">Panoramski pogled na grad<\/li><li data-start=\"1121\" data-end=\"1158\"><p data-start=\"1123\" data-end=\"1158\">Moderno opremljena unutra\u0161njost<\/p><\/li><li data-start=\"1159\" data-end=\"1198\"><p data-start=\"1161\" data-end=\"1198\">Idealno za poslovna i porodi\u010dna putovanja<\/p><\/li><li data-start=\"1199\" data-end=\"1237\"><p data-start=\"1201\" data-end=\"1237\">Stan na dan Beograd<\/p><\/li><li data-start=\"1238\" data-end=\"1286\"><p data-start=\"1240\" data-end=\"1286\">Brzo do centra grada<\/p><\/li><\/ul>\t\t\t\t\t\t\t\t<\/div>\n\t\t\t\t\t<\/div>\n\t\t\t\t<\/div>\n\t\t<div class=\"elementor-element elementor-element-674fd85 e-flex e-con-boxed e-con e-parent\" data-id=\"674fd85\" data-element_type=\"container\" data-e-type=\"container\">\n\t\t\t\t\t<div class=\"e-con-inner\">\n\t\t\t\t<div class=\"elementor-element elementor-element-9f0bcfe elementor-widget elementor-widget-heading\" data-id=\"9f0bcfe\" data-element_type=\"widget\" data-e-type=\"widget\" data-widget_type=\"heading.default\">\n\t\t\t\t\t<h2 class=\"elementor-heading-title elementor-size-default\">Prednosti lokacije<\/h2>\t\t\t\t<\/div>\n\t\t\t\t\t<\/div>\n\t\t\t\t<\/div>\n\t\t<div class=\"elementor-element elementor-element-34ca578 e-flex e-con-boxed e-con e-parent\" data-id=\"34ca578\" data-element_type=\"container\" data-e-type=\"container\">\n\t\t\t\t\t<div class=\"e-con-inner\">\n\t\t\t\t<div class=\"elementor-element elementor-element-c8c0529 elementor-widget elementor-widget-text-editor\" data-id=\"c8c0529\" data-element_type=\"widget\" data-e-type=\"widget\" data-widget_type=\"text-editor.default\">\n\t\t\t\t\t\t\t\t\t<p>Centar Novog Beograda, sve Vam je blizu<\/p><p class=\"translation-block\">Izaberite stan na dan Arena Penthouse apartmane u Beogradu, na odli\u010dnoj lokaciji u srcu poslovne zone Novog Beograda, na samo 500 metara od autoputa E75, preko puta zgrade UN-a i na samo 2\u20133 minuta hoda od Beogradske Arene. Apartmani se nalaze na vrhu zgrade sa liftom, okru\u017eeni prodavnicama, restoranima i raznim kafi\u0107ima. Do centra grada sti\u017eete javnim prevozom za samo 10 minuta.<\/p>\t\t\t\t\t\t\t\t<\/div>\n\t\t\t\t\t<\/div>\n\t\t\t\t<\/div>\n\t\t<div class=\"elementor-element elementor-element-2347d76 e-flex e-con-boxed e-con e-parent\" data-id=\"2347d76\" data-element_type=\"container\" data-e-type=\"container\">\n\t\t\t\t\t<div class=\"e-con-inner\">\n\t\t\t\t<div class=\"elementor-element elementor-element-361f807 elementor-widget elementor-widget-heading\" data-id=\"361f807\" data-element_type=\"widget\" data-e-type=\"widget\" data-widget_type=\"heading.default\">\n\t\t\t\t\t<h2 class=\"elementor-heading-title elementor-size-default\">Na\u0161a ponuda<\/h2>\t\t\t\t<\/div>\n\t\t\t\t\t<\/div>\n\t\t\t\t<\/div>\n\t\t<div class=\"elementor-element elementor-element-15b7cb3 e-flex e-con-boxed e-con e-parent\" data-id=\"15b7cb3\" data-element_type=\"container\" data-e-type=\"container\">\n\t\t\t\t\t<div class=\"e-con-inner\">\n\t\t\t\t<div class=\"elementor-element elementor-element-60fb221 elementor-widget elementor-widget-text-editor\" data-id=\"60fb221\" data-element_type=\"widget\" data-e-type=\"widget\" data-widget_type=\"text-editor.default\">\n\t\t\t\t\t\t\t\t\t<p>Udobnost, prakti\u010dnost i li\u010dna usluga<\/p><p class=\"translation-block\">Arena Penthouse pru\u017ea toplu i prijatnu atmosferu za goste koji tra\u017ee kvalitetan sme\u0161taj. Na\u0161i apartmani blizu Beogradske Arene kombinuju stil i funkcionalnost, \u010dine\u0107i va\u0161 boravak ugodnim bilo da dolazite poslovno ili privatno. Prilikom direktne rezervacije dobijate najbolju cenu i uslugu iz prve ruke i to na centralnoj lokaciji blizu Beogradske Arene i u neposrednoj blizini prodavnica i lokalnih sadr\u017eaja.<\/p>\t\t\t\t\t\t\t\t<\/div>\n\t\t\t\t\t<\/div>\n\t\t\t\t<\/div>\n\t\t<div class=\"elementor-element elementor-element-2c40c3f e-flex e-con-boxed e-con e-parent\" data-id=\"2c40c3f\" data-element_type=\"container\" data-e-type=\"container\">\n\t\t\t\t\t<div class=\"e-con-inner\">\n\t\t<div class=\"elementor-element elementor-element-aa97950 e-con-full e-flex e-con e-child\" data-id=\"aa97950\" data-element_type=\"container\" data-e-type=\"container\" data-settings=\"{&quot;background_background&quot;:&quot;classic&quot;}\">\n\t\t\t\t<div class=\"elementor-element elementor-element-cfc2da1 elementor-widget elementor-widget-button\" data-id=\"cfc2da1\" data-element_type=\"widget\" data-e-type=\"widget\" data-widget_type=\"button.default\">\n\t\t\t\t\t\t\t\t\t\t<a class=\"elementor-button elementor-button-link elementor-size-sm elementor-animation-grow\" href=\"https:\/\/arenapenthouse.com\/sr\/comfort-green\/\">\n\t\t\t\t\t\t<span class=\"elementor-button-content-wrapper\">\n\t\t\t\t\t\t\t\t\t<span class=\"elementor-button-text\">Comfort Green<\/span>\n\t\t\t\t\t<\/span>\n\t\t\t\t\t<\/a>\n\t\t\t\t\t\t\t\t<\/div>\n\t\t\t\t<\/div>\n\t\t<div class=\"elementor-element elementor-element-0a4e871 e-con-full e-flex e-con e-child\" data-id=\"0a4e871\" data-element_type=\"container\" data-e-type=\"container\" data-settings=\"{&quot;background_background&quot;:&quot;classic&quot;}\">\n\t\t\t\t<div class=\"elementor-element elementor-element-e721789 elementor-widget elementor-widget-button\" data-id=\"e721789\" data-element_type=\"widget\" data-e-type=\"widget\" data-widget_type=\"button.default\">\n\t\t\t\t\t\t\t\t\t\t<a class=\"elementor-button elementor-button-link elementor-size-sm elementor-animation-grow\" href=\"https:\/\/arenapenthouse.com\/sr\/superior-blue\/\">\n\t\t\t\t\t\t<span class=\"elementor-button-content-wrapper\">\n\t\t\t\t\t\t\t\t\t<span class=\"elementor-button-text\">Superior Blue<\/span>\n\t\t\t\t\t<\/span>\n\t\t\t\t\t<\/a>\n\t\t\t\t\t\t\t\t<\/div>\n\t\t\t\t<\/div>\n\t\t\t\t\t<\/div>\n\t\t\t\t<\/div>\n\t\t<div class=\"elementor-element elementor-element-11d4507 e-flex e-con-boxed e-con e-parent\" data-id=\"11d4507\" data-element_type=\"container\" data-e-type=\"container\" data-settings=\"{&quot;background_background&quot;:&quot;classic&quot;}\">\n\t\t\t\t\t<div class=\"e-con-inner\">\n\t\t\t\t<div class=\"elementor-element elementor-element-57153d3 elementor-widget elementor-widget-heading\" data-id=\"57153d3\" data-element_type=\"widget\" data-e-type=\"widget\" data-widget_type=\"heading.default\">\n\t\t\t\t\t<h3 class=\"elementor-heading-title elementor-size-default\">10% popusta na rezervaciju\nUnesite promo kod site10 i ostvarite 10% popusta na rezervaciju.<\/h3>\t\t\t\t<\/div>\n\t\t\t\t\t<\/div>\n\t\t\t\t<\/div>\n\t\t\t\t<\/div>","protected":false},"excerpt":{"rendered":"<p>Penthaus apartmani na dan u Beogradu \u2013 Arena Penthouse Otkrijte moderne penthaus apartmane, idealne za poslovna ili privatna putovanja, u [&hellip;]<\/p>\n","protected":false},"author":2,"featured_media":0,"parent":0,"menu_order":0,"comment_status":"closed","ping_status":"closed","template":"","meta":{"site-sidebar-layout":"no-sidebar","site-content-layout":"","ast-site-content-layout":"full-width-container","site-content-style":"default","site-sidebar-style":"default","ast-global-header-display":"","ast-banner-title-visibility":"","ast-main-header-display":"","ast-hfb-above-header-display":"","ast-hfb-below-header-display":"","ast-hfb-mobile-header-display":"","site-post-title":"disabled","ast-breadcrumbs-content":"","ast-featured-img":"disabled","footer-sml-layout":"","ast-disable-related-posts":"","theme-transparent-header-meta":"","adv-header-id-meta":"","stick-header-meta":"","header-above-stick-meta":"","header-main-stick-meta":"","header-below-stick-meta":"","astra-migrate-meta-layouts":"default","ast-page-background-enabled":"default","ast-page-background-meta":{"desktop":{"background-color":"var(--ast-global-color-5)","background-image":"","background-repeat":"repeat","background-position":"center center","background-size":"auto","background-attachment":"scroll","background-type":"","background-media":"","overlay-type":"","overlay-color":"","overlay-opacity":"","overlay-gradient":""},"tablet":{"background-color":"","background-image":"","background-repeat":"repeat","background-position":"center center","background-size":"auto","background-attachment":"scroll","background-type":"","background-media":"","overlay-type":"","overlay-color":"","overlay-opacity":"","overlay-gradient":""},"mobile":{"background-color":"","background-image":"","background-repeat":"repeat","background-position":"center center","background-size":"auto","background-attachment":"scroll","background-type":"","background-media":"","overlay-type":"","overlay-color":"","overlay-opacity":"","overlay-gradient":""}},"ast-content-background-meta":{"desktop":{"background-color":"var(--ast-global-color-4)","background-image":"","background-repeat":"repeat","background-position":"center center","background-size":"auto","background-attachment":"scroll","background-type":"","background-media":"","overlay-type":"","overlay-color":"","overlay-opacity":"","overlay-gradient":""},"tablet":{"background-color":"var(--ast-global-color-4)","background-image":"","background-repeat":"repeat","background-position":"center center","background-size":"auto","background-attachment":"scroll","background-type":"","background-media":"","overlay-type":"","overlay-color":"","overlay-opacity":"","overlay-gradient":""},"mobile":{"background-color":"var(--ast-global-color-4)","background-image":"","background-repeat":"repeat","background-position":"center center","background-size":"auto","background-attachment":"scroll","background-type":"","background-media":"","overlay-type":"","overlay-color":"","overlay-opacity":"","overlay-gradient":""}},"footnotes":""},"class_list":["post-2931","page","type-page","status-publish","hentry"],"yoast_head":"<!-- This site is optimized with the Yoast SEO plugin v27.0 - https:\/\/yoast.com\/product\/yoast-seo-wordpress\/ -->\n<title>Belgrade Penthouse Apartments - Arena Penthouse New Belgrade<\/title>\n<meta name=\"description\" content=\"Stay at Arena Penthouse New Belgrade \u2013 modern penthouse apartments with city views, comfort, and a central location near Belgrade Arena.\" \/>\n<meta name=\"robots\" content=\"index, follow, max-snippet:-1, max-image-preview:large, max-video-preview:-1\" \/>\n<link rel=\"canonical\" href=\"https:\/\/arenapenthouse.com\/sr\/sr-latin\/pocetna\/\" \/>\n<meta property=\"og:locale\" content=\"sr_RS\" \/>\n<meta property=\"og:type\" content=\"article\" \/>\n<meta property=\"og:title\" content=\"Belgrade Penthouse Apartments - Arena Penthouse New Belgrade\" \/>\n<meta property=\"og:description\" content=\"Stay at Arena Penthouse New Belgrade \u2013 modern penthouse apartments with city views, comfort, and a central location near Belgrade Arena.\" \/>\n<meta property=\"og:url\" content=\"https:\/\/arenapenthouse.com\/sr\/sr-latin\/pocetna\/\" \/>\n<meta property=\"og:site_name\" content=\"Arena Penthouse\" \/>\n<meta property=\"article:publisher\" content=\"https:\/\/www.facebook.com\/arenapenthouse\" \/>\n<meta property=\"article:modified_time\" content=\"2026-02-21T12:08:43+00:00\" \/>\n<meta name=\"twitter:card\" content=\"summary_large_image\" \/>\n<meta name=\"twitter:label1\" content=\"\u041f\u0440\u043e\u0446\u0435\u045a\u0435\u043d\u043e \u0432\u0440\u0435\u043c\u0435 \u0447\u0438\u0442\u0430\u045a\u0430\" \/>\n\t<meta name=\"twitter:data1\" content=\"2 \u043c\u0438\u043d\u0443\u0442\u0430\" \/>\n<script type=\"application\/ld+json\" class=\"yoast-schema-graph\">{\"@context\":\"https:\/\/schema.org\",\"@graph\":[{\"@type\":\"WebPage\",\"@id\":\"https:\/\/arenapenthouse.com\/sr-latin\/pocetna\/\",\"url\":\"https:\/\/arenapenthouse.com\/sr-latin\/pocetna\/\",\"name\":\"Belgrade Penthouse Apartments - Arena Penthouse New Belgrade\",\"isPartOf\":{\"@id\":\"https:\/\/arenapenthouse.com\/#website\"},\"datePublished\":\"2026-02-17T23:43:15+00:00\",\"dateModified\":\"2026-02-21T12:08:43+00:00\",\"description\":\"Stay at Arena Penthouse New Belgrade \u2013 modern penthouse apartments with city views, comfort, and a central location near Belgrade Arena.\",\"breadcrumb\":{\"@id\":\"https:\/\/arenapenthouse.com\/sr-latin\/pocetna\/#breadcrumb\"},\"inLanguage\":\"sr-RS\",\"potentialAction\":[{\"@type\":\"ReadAction\",\"target\":[\"https:\/\/arenapenthouse.com\/sr-latin\/pocetna\/\"]}]},{\"@type\":\"BreadcrumbList\",\"@id\":\"https:\/\/arenapenthouse.com\/sr-latin\/pocetna\/#breadcrumb\",\"itemListElement\":[{\"@type\":\"ListItem\",\"position\":1,\"name\":\"Home\",\"item\":\"https:\/\/arenapenthouse.com\/\"},{\"@type\":\"ListItem\",\"position\":2,\"name\":\"Arena Penthaus Novi Beograd\"}]},{\"@type\":\"WebSite\",\"@id\":\"https:\/\/arenapenthouse.com\/#website\",\"url\":\"https:\/\/arenapenthouse.com\/\",\"name\":\"Arena Penthouse\",\"description\":\"Modern penthouse apartments in New Belgrade\",\"publisher\":{\"@id\":\"https:\/\/arenapenthouse.com\/#organization\"},\"potentialAction\":[{\"@type\":\"SearchAction\",\"target\":{\"@type\":\"EntryPoint\",\"urlTemplate\":\"https:\/\/arenapenthouse.com\/?s={search_term_string}\"},\"query-input\":{\"@type\":\"PropertyValueSpecification\",\"valueRequired\":true,\"valueName\":\"search_term_string\"}}],\"inLanguage\":\"sr-RS\"},{\"@type\":\"Organization\",\"@id\":\"https:\/\/arenapenthouse.com\/#organization\",\"name\":\"Arena Penthouse\",\"url\":\"https:\/\/arenapenthouse.com\/\",\"logo\":{\"@type\":\"ImageObject\",\"inLanguage\":\"sr-RS\",\"@id\":\"https:\/\/arenapenthouse.com\/#\/schema\/logo\/image\/\",\"url\":\"https:\/\/arenapenthouse.com\/wp-content\/uploads\/2026\/01\/AP-White-1.avif\",\"contentUrl\":\"https:\/\/arenapenthouse.com\/wp-content\/uploads\/2026\/01\/AP-White-1.avif\",\"width\":1935,\"height\":623,\"caption\":\"Arena Penthouse\"},\"image\":{\"@id\":\"https:\/\/arenapenthouse.com\/#\/schema\/logo\/image\/\"},\"sameAs\":[\"https:\/\/www.facebook.com\/arenapenthouse\",\"https:\/\/www.instagram.com\/arenapenthouse\/\"]}]}<\/script>\n<!-- \/ Yoast SEO plugin. -->","yoast_head_json":{"title":"Belgrade Penthouse Apartments - Arena Penthouse New Belgrade","description":"Stay at Arena Penthouse New Belgrade \u2013 modern penthouse apartments with city views, comfort, and a central location near Belgrade Arena.","robots":{"index":"index","follow":"follow","max-snippet":"max-snippet:-1","max-image-preview":"max-image-preview:large","max-video-preview":"max-video-preview:-1"},"canonical":"https:\/\/arenapenthouse.com\/sr\/sr-latin\/pocetna\/","og_locale":"sr_RS","og_type":"article","og_title":"Belgrade Penthouse Apartments - Arena Penthouse New Belgrade","og_description":"Stay at Arena Penthouse New Belgrade \u2013 modern penthouse apartments with city views, comfort, and a central location near Belgrade Arena.","og_url":"https:\/\/arenapenthouse.com\/sr\/sr-latin\/pocetna\/","og_site_name":"Arena Penthouse","article_publisher":"https:\/\/www.facebook.com\/arenapenthouse","article_modified_time":"2026-02-21T12:08:43+00:00","twitter_card":"summary_large_image","twitter_misc":{"\u041f\u0440\u043e\u0446\u0435\u045a\u0435\u043d\u043e \u0432\u0440\u0435\u043c\u0435 \u0447\u0438\u0442\u0430\u045a\u0430":"2 \u043c\u0438\u043d\u0443\u0442\u0430"},"schema":{"@context":"https:\/\/schema.org","@graph":[{"@type":"WebPage","@id":"https:\/\/arenapenthouse.com\/sr-latin\/pocetna\/","url":"https:\/\/arenapenthouse.com\/sr-latin\/pocetna\/","name":"Belgrade Penthouse Apartments - Arena Penthouse New Belgrade","isPartOf":{"@id":"https:\/\/arenapenthouse.com\/#website"},"datePublished":"2026-02-17T23:43:15+00:00","dateModified":"2026-02-21T12:08:43+00:00","description":"Stay at Arena Penthouse New Belgrade \u2013 modern penthouse apartments with city views, comfort, and a central location near Belgrade Arena.","breadcrumb":{"@id":"https:\/\/arenapenthouse.com\/sr-latin\/pocetna\/#breadcrumb"},"inLanguage":"sr-RS","potentialAction":[{"@type":"ReadAction","target":["https:\/\/arenapenthouse.com\/sr-latin\/pocetna\/"]}]},{"@type":"BreadcrumbList","@id":"https:\/\/arenapenthouse.com\/sr-latin\/pocetna\/#breadcrumb","itemListElement":[{"@type":"ListItem","position":1,"name":"Home","item":"https:\/\/arenapenthouse.com\/"},{"@type":"ListItem","position":2,"name":"Arena Penthaus Novi Beograd"}]},{"@type":"WebSite","@id":"https:\/\/arenapenthouse.com\/#website","url":"https:\/\/arenapenthouse.com\/","name":"Arena Penthouse","description":"Modern penthouse apartments in New Belgrade","publisher":{"@id":"https:\/\/arenapenthouse.com\/#organization"},"potentialAction":[{"@type":"SearchAction","target":{"@type":"EntryPoint","urlTemplate":"https:\/\/arenapenthouse.com\/?s={search_term_string}"},"query-input":{"@type":"PropertyValueSpecification","valueRequired":true,"valueName":"search_term_string"}}],"inLanguage":"sr-RS"},{"@type":"Organization","@id":"https:\/\/arenapenthouse.com\/#organization","name":"Arena Penthouse","url":"https:\/\/arenapenthouse.com\/","logo":{"@type":"ImageObject","inLanguage":"sr-RS","@id":"https:\/\/arenapenthouse.com\/#\/schema\/logo\/image\/","url":"https:\/\/arenapenthouse.com\/wp-content\/uploads\/2026\/01\/AP-White-1.avif","contentUrl":"https:\/\/arenapenthouse.com\/wp-content\/uploads\/2026\/01\/AP-White-1.avif","width":1935,"height":623,"caption":"Arena Penthouse"},"image":{"@id":"https:\/\/arenapenthouse.com\/#\/schema\/logo\/image\/"},"sameAs":["https:\/\/www.facebook.com\/arenapenthouse","https:\/\/www.instagram.com\/arenapenthouse\/"]}]}},"_links":{"self":[{"href":"https:\/\/arenapenthouse.com\/sr\/wp-json\/wp\/v2\/pages\/2931","targetHints":{"allow":["GET"]}}],"collection":[{"href":"https:\/\/arenapenthouse.com\/sr\/wp-json\/wp\/v2\/pages"}],"about":[{"href":"https:\/\/arenapenthouse.com\/sr\/wp-json\/wp\/v2\/types\/page"}],"author":[{"embeddable":true,"href":"https:\/\/arenapenthouse.com\/sr\/wp-json\/wp\/v2\/users\/2"}],"replies":[{"embeddable":true,"href":"https:\/\/arenapenthouse.com\/sr\/wp-json\/wp\/v2\/comments?post=2931"}],"version-history":[{"count":9,"href":"https:\/\/arenapenthouse.com\/sr\/wp-json\/wp\/v2\/pages\/2931\/revisions"}],"predecessor-version":[{"id":3029,"href":"https:\/\/arenapenthouse.com\/sr\/wp-json\/wp\/v2\/pages\/2931\/revisions\/3029"}],"wp:attachment":[{"href":"https:\/\/arenapenthouse.com\/sr\/wp-json\/wp\/v2\/media?parent=2931"}],"curies":[{"name":"wp","href":"https:\/\/api.w.org\/{rel}","templated":true}]}}