{"id":2974,"date":"2026-02-18T11:17:53","date_gmt":"2026-02-18T10:17:53","guid":{"rendered":"https:\/\/arenapenthouse.com\/?page_id=2974"},"modified":"2026-02-18T11:19:36","modified_gmt":"2026-02-18T10:19:36","slug":"pravila-iznajmljivanja","status":"publish","type":"page","link":"https:\/\/arenapenthouse.com\/sr\/pravila-iznajmljivanja\/","title":{"rendered":"Pravila iznajmljivanja"},"content":{"rendered":"<div data-elementor-type=\"wp-page\" data-elementor-id=\"2974\" class=\"elementor elementor-2974\">\n\t\t\t\t<div class=\"elementor-element elementor-element-57d04b4 e-flex e-con-boxed e-con e-parent\" data-id=\"57d04b4\" data-element_type=\"container\" data-e-type=\"container\">\n\t\t\t\t\t<div class=\"e-con-inner\">\n\t\t\t\t<div class=\"elementor-element elementor-element-2278a87b elementor-widget elementor-widget-text-editor\" data-id=\"2278a87b\" data-element_type=\"widget\" data-e-type=\"widget\" data-widget_type=\"text-editor.default\">\n\t\t\t\t\t\t\t\t\t<h3 class=\"wp-block-heading\">\u00a0<\/h3><p><!-- \/wp:heading --><!-- wp:paragraph --><\/p><h1 data-start=\"267\" data-end=\"299\">Rental Rules \u2013 Arena Penthouse<\/h1><h2 data-start=\"301\" data-end=\"324\">1. Use of Property<\/h2><p data-start=\"325\" data-end=\"736\" class=\"translation-block\">Apartman se izdaje gostima isklju\u010divo u svrhu odmora i za period naveden u rezervaciji. Broj gostiju ne sme prema\u0161iti broj koji je rezervisan. Komercijalna ili nekakva druga upotreba je strogo zabranjena. U apartmanu je zabranjeno pu\u0161enje, ali je dozvoljeno na terasi. Kr\u0161enje ovog pravila mo\u017ee rezultirati kaznom od 150 \u20ac ili otkazivanjem ugovora o zakupu.<\/p><hr data-start=\"738\" data-end=\"741\" \/><h2 data-start=\"743\" data-end=\"771\">2. Prijava i odjava<\/h2><p data-start=\"772\" data-end=\"914\" class=\"translation-block\">Prijava:\u00a015:00  \u2013 22:00 \n\nOdjava:\u00a0Do 11:00 na dan odlazka\n\nKasni dolazak:\u00a022:00 \u2013 24:00 dodatno \u20ac15<\/p><p data-start=\"916\" data-end=\"1107\" class=\"translation-block\">Prilikom prijave potrebno je prilo\u017eiti paso\u0161 i kreditnu karticu. Mo\u017ee biti potreban depozit (rezervacija sredstava). Ovaj iznos se u potpunosti vra\u0107a ukoliko nema \u0161tete koja prelazi uobi\u010dajeno habanje.<\/p><hr data-start=\"1109\" data-end=\"1112\" \/><h2 data-start=\"1114\" data-end=\"1133\">3. Ku\u0107ni red<\/h2><p data-start=\"1134\" data-end=\"1185\">Gosti mogu koristiti sve pogodnosti nekretnine, ali bi trebalo:<\/p><ul data-start=\"1186\" data-end=\"1274\"><li data-start=\"1186\" data-end=\"1224\"><p data-start=\"1188\" data-end=\"1224\">da vrate sve na svoje meso<\/p><\/li><li data-start=\"1225\" data-end=\"1247\"><p data-start=\"1227\" data-end=\"1247\">da operu posu\u0111e<\/p><\/li><li data-start=\"1248\" data-end=\"1274\"><p data-start=\"1250\" data-end=\"1274\">da ne pomeraju name\u0161taj.<\/p><\/li><\/ul><p data-start=\"1276\" data-end=\"1303\"><strong data-start=\"1276\" data-end=\"1300\">Ku\u0107ni ljubimci nisu dozvoljeni<\/strong>.<\/p><hr data-start=\"1305\" data-end=\"1308\" \/><h2 data-start=\"1310\" data-end=\"1335\">4. Posteljina i dodatne usluge<\/h2><ul data-start=\"1336\" data-end=\"1462\"><li data-start=\"1336\" data-end=\"1383\"><p data-start=\"1338\" data-end=\"1383\">Weekly linen and towel changes are included<\/p><\/li><li data-start=\"1384\" data-end=\"1462\"><p data-start=\"1386\" data-end=\"1462\">City tax (\u20ac1.35 per person per day) is <strong data-start=\"1425\" data-end=\"1441\">not included<\/strong> in the rental rate<\/p><\/li><\/ul><hr data-start=\"1464\" data-end=\"1467\" \/><h2 data-start=\"1469\" data-end=\"1495\">5. Liability &amp; Safety<\/h2><p data-start=\"1496\" data-end=\"1770\">Arena Penthouse is <strong data-start=\"1515\" data-end=\"1534\">not responsible<\/strong> for accidents, injuries, or illnesses on the premises. The owner is <strong data-start=\"1603\" data-end=\"1617\">not liable<\/strong> for lost or stolen belongings. By booking, guests <strong data-start=\"1668\" data-end=\"1698\">accept full responsibility<\/strong> for all risks related to their stay and activities of their invitees.<\/p><hr data-start=\"1772\" data-end=\"1775\" \/><h2 data-start=\"1777\" data-end=\"1802\">6. Local Regulations<\/h2><p data-start=\"1803\" data-end=\"1920\">Guests must comply with <strong data-start=\"1827\" data-end=\"1862\">local foreign registration laws<\/strong>. Arena Penthouse is not responsible for any violations.<\/p><hr data-start=\"1922\" data-end=\"1925\" \/><h2 data-start=\"1927\" data-end=\"1954\">7. Cancellation Policy<\/h2><ul data-start=\"1955\" data-end=\"2078\"><li data-start=\"1955\" data-end=\"2009\"><p data-start=\"1957\" data-end=\"2009\"><strong data-start=\"1957\" data-end=\"1979\">Free Cancellation:<\/strong> Up to 7 days before arrival<\/p><\/li><li data-start=\"2010\" data-end=\"2078\"><p data-start=\"2012\" data-end=\"2078\"><strong data-start=\"2012\" data-end=\"2045\">Late Cancellation or No-Show:<\/strong> Full reservation price applies<\/p><\/li><\/ul><hr data-start=\"2080\" data-end=\"2083\" \/><h2 data-start=\"2085\" data-end=\"2107\">8. Deposit Policy<\/h2><p data-start=\"2108\" data-end=\"2155\">No deposit is required during the off-season.<\/p><hr data-start=\"2157\" data-end=\"2160\" \/><h2 data-start=\"2162\" data-end=\"2191\">9. Children &amp; Extra Beds<\/h2><ul data-start=\"2192\" data-end=\"2349\"><li data-start=\"2192\" data-end=\"2228\"><p data-start=\"2194\" data-end=\"2228\">Children of all ages are welcome<\/p><\/li><li data-start=\"2229\" data-end=\"2288\"><p data-start=\"2231\" data-end=\"2288\">One child (0-3 years) can stay free using existing beds<\/p><\/li><li data-start=\"2289\" data-end=\"2349\"><p data-start=\"2291\" data-end=\"2349\">Baby cribs are available <strong data-start=\"2316\" data-end=\"2334\">free of charge<\/strong> upon request<\/p><\/li><\/ul><hr data-start=\"2351\" data-end=\"2354\" \/><h2 data-start=\"2356\" data-end=\"2383\">10. Internet &amp; Parking<\/h2><ul data-start=\"2384\" data-end=\"2530\"><li data-start=\"2384\" data-end=\"2451\"><p data-start=\"2386\" data-end=\"2451\"><strong data-start=\"2386\" data-end=\"2395\">Wi-Fi<\/strong> is available throughout the property at no extra cost<\/p><\/li><li data-start=\"2452\" data-end=\"2530\"><p data-start=\"2454\" data-end=\"2530\"><strong data-start=\"2454\" data-end=\"2466\">Parking:<\/strong> \u20ac10\/day on-site (subject to availability, cannot be reserved)<\/p><\/li><\/ul><hr data-start=\"2532\" data-end=\"2535\" \/><h2 data-start=\"2537\" data-end=\"2568\">11. Exceptions to Policies<\/h2><p data-start=\"2569\" data-end=\"2629\">Any exceptions <strong data-start=\"2584\" data-end=\"2626\">must be approved in writing in advance<\/strong>.<\/p><hr data-start=\"2631\" data-end=\"2634\" \/><p data-start=\"2636\" data-end=\"2692\">We look forward to hosting you at <strong data-start=\"2670\" data-end=\"2689\">Arena Penthouse<\/strong>!<\/p><p><!-- \/wp:paragraph --><\/p>\t\t\t\t\t\t\t\t<\/div>\n\t\t\t\t\t<\/div>\n\t\t\t\t<\/div>\n\t\t\t\t<\/div>","protected":false},"excerpt":{"rendered":"<p>\u00a0 Rental Rules \u2013 Arena Penthouse 1. Use of Property The property is rented to guests only for vacation purposes [&hellip;]<\/p>\n","protected":false},"author":2,"featured_media":0,"parent":0,"menu_order":0,"comment_status":"closed","ping_status":"closed","template":"","meta":{"site-sidebar-layout":"no-sidebar","site-content-layout":"","ast-site-content-layout":"full-width-container","site-content-style":"default","site-sidebar-style":"default","ast-global-header-display":"","ast-banner-title-visibility":"","ast-main-header-display":"","ast-hfb-above-header-display":"","ast-hfb-below-header-display":"","ast-hfb-mobile-header-display":"","site-post-title":"disabled","ast-breadcrumbs-content":"","ast-featured-img":"disabled","footer-sml-layout":"","ast-disable-related-posts":"","theme-transparent-header-meta":"","adv-header-id-meta":"","stick-header-meta":"","header-above-stick-meta":"","header-main-stick-meta":"","header-below-stick-meta":"","astra-migrate-meta-layouts":"default","ast-page-background-enabled":"default","ast-page-background-meta":{"desktop":{"background-color":"var(--ast-global-color-5)","background-image":"","background-repeat":"repeat","background-position":"center center","background-size":"auto","background-attachment":"scroll","background-type":"","background-media":"","overlay-type":"","overlay-color":"","overlay-opacity":"","overlay-gradient":""},"tablet":{"background-color":"","background-image":"","background-repeat":"repeat","background-position":"center center","background-size":"auto","background-attachment":"scroll","background-type":"","background-media":"","overlay-type":"","overlay-color":"","overlay-opacity":"","overlay-gradient":""},"mobile":{"background-color":"","background-image":"","background-repeat":"repeat","background-position":"center center","background-size":"auto","background-attachment":"scroll","background-type":"","background-media":"","overlay-type":"","overlay-color":"","overlay-opacity":"","overlay-gradient":""}},"ast-content-background-meta":{"desktop":{"background-color":"var(--ast-global-color-4)","background-image":"","background-repeat":"repeat","background-position":"center center","background-size":"auto","background-attachment":"scroll","background-type":"","background-media":"","overlay-type":"","overlay-color":"","overlay-opacity":"","overlay-gradient":""},"tablet":{"background-color":"var(--ast-global-color-4)","background-image":"","background-repeat":"repeat","background-position":"center center","background-size":"auto","background-attachment":"scroll","background-type":"","background-media":"","overlay-type":"","overlay-color":"","overlay-opacity":"","overlay-gradient":""},"mobile":{"background-color":"var(--ast-global-color-4)","background-image":"","background-repeat":"repeat","background-position":"center center","background-size":"auto","background-attachment":"scroll","background-type":"","background-media":"","overlay-type":"","overlay-color":"","overlay-opacity":"","overlay-gradient":""}},"footnotes":""},"class_list":["post-2974","page","type-page","status-publish","hentry"],"yoast_head":"<!-- This site is optimized with the Yoast SEO plugin v27.0 - https:\/\/yoast.com\/product\/yoast-seo-wordpress\/ -->\n<title>Rental Rules \u2013 Arena Penthouse Belgrade<\/title>\n<meta name=\"description\" content=\"Review Arena Penthouse Belgrade&#039;s rental policies, including check-in\/check-out times, house rules, cancellation policy, and more.\" \/>\n<meta name=\"robots\" content=\"index, follow, max-snippet:-1, max-image-preview:large, max-video-preview:-1\" \/>\n<link rel=\"canonical\" href=\"https:\/\/arenapenthouse.com\/sr\/sr-latin\/pravila-iznajmljivanja\/\" \/>\n<meta property=\"og:locale\" content=\"sr_RS\" \/>\n<meta property=\"og:type\" content=\"article\" \/>\n<meta property=\"og:title\" content=\"Rental Rules \u2013 Arena Penthouse Belgrade\" \/>\n<meta property=\"og:description\" content=\"Review Arena Penthouse Belgrade&#039;s rental policies, including check-in\/check-out times, house rules, cancellation policy, and more.\" \/>\n<meta property=\"og:url\" content=\"https:\/\/arenapenthouse.com\/sr\/sr-latin\/pravila-iznajmljivanja\/\" \/>\n<meta property=\"og:site_name\" content=\"Arena Penthouse\" \/>\n<meta property=\"article:publisher\" content=\"https:\/\/www.facebook.com\/arenapenthouse\" \/>\n<meta property=\"article:modified_time\" content=\"2026-02-18T10:19:36+00:00\" \/>\n<meta name=\"twitter:card\" content=\"summary_large_image\" \/>\n<meta name=\"twitter:label1\" content=\"\u041f\u0440\u043e\u0446\u0435\u045a\u0435\u043d\u043e \u0432\u0440\u0435\u043c\u0435 \u0447\u0438\u0442\u0430\u045a\u0430\" \/>\n\t<meta name=\"twitter:data1\" content=\"2 \u043c\u0438\u043d\u0443\u0442\u0430\" \/>\n<script type=\"application\/ld+json\" class=\"yoast-schema-graph\">{\"@context\":\"https:\/\/schema.org\",\"@graph\":[{\"@type\":\"WebPage\",\"@id\":\"https:\/\/arenapenthouse.com\/sr-latin\/pravila-iznajmljivanja\/\",\"url\":\"https:\/\/arenapenthouse.com\/sr-latin\/pravila-iznajmljivanja\/\",\"name\":\"Rental Rules \u2013 Arena Penthouse Belgrade\",\"isPartOf\":{\"@id\":\"https:\/\/arenapenthouse.com\/#website\"},\"datePublished\":\"2026-02-18T10:17:53+00:00\",\"dateModified\":\"2026-02-18T10:19:36+00:00\",\"description\":\"Review Arena Penthouse Belgrade's rental policies, including check-in\/check-out times, house rules, cancellation policy, and more.\",\"breadcrumb\":{\"@id\":\"https:\/\/arenapenthouse.com\/sr-latin\/pravila-iznajmljivanja\/#breadcrumb\"},\"inLanguage\":\"sr-RS\",\"potentialAction\":[{\"@type\":\"ReadAction\",\"target\":[\"https:\/\/arenapenthouse.com\/sr-latin\/pravila-iznajmljivanja\/\"]}]},{\"@type\":\"BreadcrumbList\",\"@id\":\"https:\/\/arenapenthouse.com\/sr-latin\/pravila-iznajmljivanja\/#breadcrumb\",\"itemListElement\":[{\"@type\":\"ListItem\",\"position\":1,\"name\":\"Home\",\"item\":\"https:\/\/arenapenthouse.com\/\"},{\"@type\":\"ListItem\",\"position\":2,\"name\":\"Pravila iznajmljivanja\"}]},{\"@type\":\"WebSite\",\"@id\":\"https:\/\/arenapenthouse.com\/#website\",\"url\":\"https:\/\/arenapenthouse.com\/\",\"name\":\"Arena Penthouse\",\"description\":\"Modern penthouse apartments in New Belgrade\",\"publisher\":{\"@id\":\"https:\/\/arenapenthouse.com\/#organization\"},\"potentialAction\":[{\"@type\":\"SearchAction\",\"target\":{\"@type\":\"EntryPoint\",\"urlTemplate\":\"https:\/\/arenapenthouse.com\/?s={search_term_string}\"},\"query-input\":{\"@type\":\"PropertyValueSpecification\",\"valueRequired\":true,\"valueName\":\"search_term_string\"}}],\"inLanguage\":\"sr-RS\"},{\"@type\":\"Organization\",\"@id\":\"https:\/\/arenapenthouse.com\/#organization\",\"name\":\"Arena Penthouse\",\"url\":\"https:\/\/arenapenthouse.com\/\",\"logo\":{\"@type\":\"ImageObject\",\"inLanguage\":\"sr-RS\",\"@id\":\"https:\/\/arenapenthouse.com\/#\/schema\/logo\/image\/\",\"url\":\"https:\/\/arenapenthouse.com\/wp-content\/uploads\/2026\/01\/AP-White-1.avif\",\"contentUrl\":\"https:\/\/arenapenthouse.com\/wp-content\/uploads\/2026\/01\/AP-White-1.avif\",\"width\":1935,\"height\":623,\"caption\":\"Arena Penthouse\"},\"image\":{\"@id\":\"https:\/\/arenapenthouse.com\/#\/schema\/logo\/image\/\"},\"sameAs\":[\"https:\/\/www.facebook.com\/arenapenthouse\",\"https:\/\/www.instagram.com\/arenapenthouse\/\"]}]}<\/script>\n<!-- \/ Yoast SEO plugin. -->","yoast_head_json":{"title":"Rental Rules \u2013 Arena Penthouse Belgrade","description":"Review Arena Penthouse Belgrade's rental policies, including check-in\/check-out times, house rules, cancellation policy, and more.","robots":{"index":"index","follow":"follow","max-snippet":"max-snippet:-1","max-image-preview":"max-image-preview:large","max-video-preview":"max-video-preview:-1"},"canonical":"https:\/\/arenapenthouse.com\/sr\/sr-latin\/pravila-iznajmljivanja\/","og_locale":"sr_RS","og_type":"article","og_title":"Rental Rules \u2013 Arena Penthouse Belgrade","og_description":"Review Arena Penthouse Belgrade's rental policies, including check-in\/check-out times, house rules, cancellation policy, and more.","og_url":"https:\/\/arenapenthouse.com\/sr\/sr-latin\/pravila-iznajmljivanja\/","og_site_name":"Arena Penthouse","article_publisher":"https:\/\/www.facebook.com\/arenapenthouse","article_modified_time":"2026-02-18T10:19:36+00:00","twitter_card":"summary_large_image","twitter_misc":{"\u041f\u0440\u043e\u0446\u0435\u045a\u0435\u043d\u043e \u0432\u0440\u0435\u043c\u0435 \u0447\u0438\u0442\u0430\u045a\u0430":"2 \u043c\u0438\u043d\u0443\u0442\u0430"},"schema":{"@context":"https:\/\/schema.org","@graph":[{"@type":"WebPage","@id":"https:\/\/arenapenthouse.com\/sr-latin\/pravila-iznajmljivanja\/","url":"https:\/\/arenapenthouse.com\/sr-latin\/pravila-iznajmljivanja\/","name":"Rental Rules \u2013 Arena Penthouse Belgrade","isPartOf":{"@id":"https:\/\/arenapenthouse.com\/#website"},"datePublished":"2026-02-18T10:17:53+00:00","dateModified":"2026-02-18T10:19:36+00:00","description":"Review Arena Penthouse Belgrade's rental policies, including check-in\/check-out times, house rules, cancellation policy, and more.","breadcrumb":{"@id":"https:\/\/arenapenthouse.com\/sr-latin\/pravila-iznajmljivanja\/#breadcrumb"},"inLanguage":"sr-RS","potentialAction":[{"@type":"ReadAction","target":["https:\/\/arenapenthouse.com\/sr-latin\/pravila-iznajmljivanja\/"]}]},{"@type":"BreadcrumbList","@id":"https:\/\/arenapenthouse.com\/sr-latin\/pravila-iznajmljivanja\/#breadcrumb","itemListElement":[{"@type":"ListItem","position":1,"name":"Home","item":"https:\/\/arenapenthouse.com\/"},{"@type":"ListItem","position":2,"name":"Pravila iznajmljivanja"}]},{"@type":"WebSite","@id":"https:\/\/arenapenthouse.com\/#website","url":"https:\/\/arenapenthouse.com\/","name":"Arena Penthouse","description":"Modern penthouse apartments in New Belgrade","publisher":{"@id":"https:\/\/arenapenthouse.com\/#organization"},"potentialAction":[{"@type":"SearchAction","target":{"@type":"EntryPoint","urlTemplate":"https:\/\/arenapenthouse.com\/?s={search_term_string}"},"query-input":{"@type":"PropertyValueSpecification","valueRequired":true,"valueName":"search_term_string"}}],"inLanguage":"sr-RS"},{"@type":"Organization","@id":"https:\/\/arenapenthouse.com\/#organization","name":"Arena Penthouse","url":"https:\/\/arenapenthouse.com\/","logo":{"@type":"ImageObject","inLanguage":"sr-RS","@id":"https:\/\/arenapenthouse.com\/#\/schema\/logo\/image\/","url":"https:\/\/arenapenthouse.com\/wp-content\/uploads\/2026\/01\/AP-White-1.avif","contentUrl":"https:\/\/arenapenthouse.com\/wp-content\/uploads\/2026\/01\/AP-White-1.avif","width":1935,"height":623,"caption":"Arena Penthouse"},"image":{"@id":"https:\/\/arenapenthouse.com\/#\/schema\/logo\/image\/"},"sameAs":["https:\/\/www.facebook.com\/arenapenthouse","https:\/\/www.instagram.com\/arenapenthouse\/"]}]}},"_links":{"self":[{"href":"https:\/\/arenapenthouse.com\/sr\/wp-json\/wp\/v2\/pages\/2974","targetHints":{"allow":["GET"]}}],"collection":[{"href":"https:\/\/arenapenthouse.com\/sr\/wp-json\/wp\/v2\/pages"}],"about":[{"href":"https:\/\/arenapenthouse.com\/sr\/wp-json\/wp\/v2\/types\/page"}],"author":[{"embeddable":true,"href":"https:\/\/arenapenthouse.com\/sr\/wp-json\/wp\/v2\/users\/2"}],"replies":[{"embeddable":true,"href":"https:\/\/arenapenthouse.com\/sr\/wp-json\/wp\/v2\/comments?post=2974"}],"version-history":[{"count":7,"href":"https:\/\/arenapenthouse.com\/sr\/wp-json\/wp\/v2\/pages\/2974\/revisions"}],"predecessor-version":[{"id":2981,"href":"https:\/\/arenapenthouse.com\/sr\/wp-json\/wp\/v2\/pages\/2974\/revisions\/2981"}],"wp:attachment":[{"href":"https:\/\/arenapenthouse.com\/sr\/wp-json\/wp\/v2\/media?parent=2974"}],"curies":[{"name":"wp","href":"https:\/\/api.w.org\/{rel}","templated":true}]}}